{"id":6441,"date":"2022-11-13T00:47:37","date_gmt":"2022-11-12T23:47:37","guid":{"rendered":"https:\/\/www.acropolis.org\/news\/"},"modified":"2023-03-24T23:46:33","modified_gmt":"2023-03-24T23:46:33","slug":"nouvelles","status":"publish","type":"page","link":"https:\/\/www.acropolis.org\/fr\/nouvelles\/","title":{"rendered":"Nouvelles"},"content":{"rendered":"\t\t<div data-elementor-type=\"wp-page\" data-elementor-id=\"6441\" class=\"elementor elementor-6441 elementor-4313\" data-elementor-post-type=\"page\">\n\t\t\t\t\t\t<section class=\"elementor-section elementor-top-section elementor-element elementor-element-f4a28b1 elementor-section-height-min-height elementor-section-boxed elementor-section-height-default elementor-section-items-middle\" data-id=\"f4a28b1\" data-element_type=\"section\" data-e-type=\"section\" data-settings=\"{&quot;background_background&quot;:&quot;classic&quot;}\">\n\t\t\t\t\t\t\t<div class=\"elementor-background-overlay\"><\/div>\n\t\t\t\t\t\t\t<div class=\"elementor-container elementor-column-gap-default\">\n\t\t\t\t\t<div class=\"elementor-column elementor-col-100 elementor-top-column elementor-element elementor-element-5ab3af21\" data-id=\"5ab3af21\" data-element_type=\"column\" data-e-type=\"column\">\n\t\t\t<div class=\"elementor-widget-wrap elementor-element-populated\">\n\t\t\t\t\t\t<div class=\"elementor-element elementor-element-3e524110 elementor-widget elementor-widget-heading\" data-id=\"3e524110\" data-element_type=\"widget\" data-e-type=\"widget\" data-widget_type=\"heading.default\">\n\t\t\t\t<div class=\"elementor-widget-container\">\n\t\t\t\t\t<h1 class=\"elementor-heading-title elementor-size-default\">Nouvelles<\/h1>\t\t\t\t<\/div>\n\t\t\t\t<\/div>\n\t\t\t\t\t<\/div>\n\t\t<\/div>\n\t\t\t\t\t<\/div>\n\t\t<\/section>\n\t\t\t\t<section class=\"elementor-section elementor-top-section elementor-element elementor-element-f3dad51 elementor-section-boxed elementor-section-height-default elementor-section-height-default\" data-id=\"f3dad51\" data-element_type=\"section\" data-e-type=\"section\" data-settings=\"{&quot;background_background&quot;:&quot;classic&quot;}\">\n\t\t\t\t\t\t<div class=\"elementor-container elementor-column-gap-default\">\n\t\t\t\t\t<div class=\"elementor-column elementor-col-100 elementor-top-column elementor-element elementor-element-6d75adf6\" data-id=\"6d75adf6\" data-element_type=\"column\" data-e-type=\"column\">\n\t\t\t<div class=\"elementor-widget-wrap elementor-element-populated\">\n\t\t\t\t\t\t<div class=\"elementor-element elementor-element-7dfc1a0 elementor-widget elementor-widget-wp-widget-super_rss_reader\" data-id=\"7dfc1a0\" data-element_type=\"widget\" data-e-type=\"widget\" data-widget_type=\"wp-widget-super_rss_reader.default\">\n\t\t\t\t<div class=\"elementor-widget-container\">\n\t\t\t\t\t<!-- Start - Super RSS Reader v5.4-->\r\n        <div class=\"super-rss-reader-widget\"><div class=\"srr-main\"><div class=\"srr-wrap srr-style-none\" data-visible=\"5\" data-speed=\"4000\" data-id=\"srr-tab-491\" ><div class=\"srr-inner\"><div class=\"srr-item \"><div class=\"srr-item-in srr-clearfix\"><a href=\"https:\/\/news.acropolis.org\/fr\/2026\/marc-aurele-la-force-interieure-face-au-reel-paris-15-france\/\" class=\"srr-thumb srr-thumb-align_left\" style=\"width:200px;height:200px;\"  target=\"_blank\"><img decoding=\"async\" src=\"https:\/\/news.acropolis.org\/wp-content\/uploads\/2026\/04\/OINAF-conf-Marc-Aurele-photo_y-300x225.jpg\" alt=\"Marc Aur\u00e8le : la force int\u00e9rieure face au r\u00e9el  (Paris 15, France)\" align=\"left\" \/><\/a><div class=\"srr-summary srr-clearfix\"><p>Conf\u00e9rence consacr\u00e9e \u00e0 la pens\u00e9e de Marc Aur\u00e8le et \u00e0 la question de la force int\u00e9rieure \u00e0 Nouvelle Acropole Paris 15. La r\u00e9flexion a montr\u00e9 que, pour l\u2019empereur sto\u00efcien, la [\u2026] L\u2019article Marc Aur\u00e8le : la force int\u00e9rieure face au r\u00e9el (Paris 15, France) est apparu en premier sur Nouvelles des\u2026<\/p><\/div><\/div><\/div><div class=\"srr-item srr-stripe\"><div class=\"srr-item-in srr-clearfix\"><a href=\"https:\/\/news.acropolis.org\/fr\/2026\/conference-camus-lengagement-face-a-labsurde-bordeaux-france\/\" class=\"srr-thumb srr-thumb-align_left\" style=\"width:200px;height:200px;\"  target=\"_blank\"><img decoding=\"async\" src=\"https:\/\/news.acropolis.org\/wp-content\/uploads\/2026\/03\/OINAF-Conference_Camus_Bordeaux_040226-750x563-1-300x225.jpeg\" alt=\"Conf\u00e9rence \u2013 Camus, l\u2019engagement face \u00e0 l\u2019absurde (Bordeaux, France)\" align=\"left\" \/><\/a><div class=\"srr-summary srr-clearfix\"><p>L\u2019association Nouvelle Acropole Bordeaux proposait une soir\u00e9e autour d\u2019Albert Camus et de sa pens\u00e9e. Les participants ont suivis cette premi\u00e8re conf\u00e9rence, du cycle \u201cLes Penseurs du R\u00e9el\u201c, avec une question [\u2026] L\u2019article Conf\u00e9rence \u2013 Camus, l\u2019engagement face \u00e0 l\u2019absurde (Bordeaux, France) est apparu en premier sur Nouvelles des\u2026<\/p><\/div><\/div><\/div><div class=\"srr-item \"><div class=\"srr-item-in srr-clearfix\"><a href=\"https:\/\/news.acropolis.org\/fr\/2026\/conference-les-ecoles-des-cathedrales-quel-heritage-pour-demain-paris-11-france\/\" class=\"srr-thumb srr-thumb-align_left\" style=\"width:200px;height:200px;\"  target=\"_blank\"><img decoding=\"async\" src=\"https:\/\/news.acropolis.org\/wp-content\/uploads\/2026\/03\/OINAF-Les-ecoles-des-Cathedrales-Paris-11--300x225.jpg\" alt=\"Conf\u00e9rence : les \u00c9coles des Cath\u00e9drales, quel h\u00e9ritage pour demain ? (Paris 11, France)\" align=\"left\" \/><\/a><div class=\"srr-summary srr-clearfix\"><p>Conf\u00e9rence \u00e0 Nouvelle Acropole Paris 11, autour d\u2019un th\u00e8me rare : r\u00e9concilier l\u2019h\u00e9ritage fran\u00e7ais avec l\u2019universel. Nous \u00e9tions une quarantaine, r\u00e9unis moins pour recevoir un savoir que pour rouvrir une [\u2026] L\u2019article Conf\u00e9rence : les \u00c9coles des Cath\u00e9drales, quel h\u00e9ritage pour demain ? (Paris 11, France) est apparu en premier sur Nouvelles des\u2026<\/p><\/div><\/div><\/div><div class=\"srr-item srr-stripe\"><div class=\"srr-item-in srr-clearfix\"><a href=\"https:\/\/news.acropolis.org\/fr\/2026\/traverser-pour-se-retrouver-le-bardo-thodol-bordeaux-france\/\" class=\"srr-thumb srr-thumb-align_left\" style=\"width:200px;height:200px;\"  target=\"_blank\"><img decoding=\"async\" src=\"https:\/\/news.acropolis.org\/wp-content\/uploads\/2026\/02\/OINAF-conf-Bardo-Thodol_2025-12-12-300x192.jpg\" alt=\"Traverser pour se retrouver, le Bardo Thodol (Bordeaux, France)\" align=\"left\" \/><\/a><div class=\"srr-summary srr-clearfix\"><p>Une plong\u00e9e fascinante dans le Livre tib\u00e9tain des morts \u00e0 l\u2019Espace Monm\u00e9jean. L\u2019Espace Monm\u00e9jean \u2013 ce lieu d\u00e9di\u00e9 aux conf\u00e9rences et d\u00e9bats philosophiques \u2013 a accueilli un expos\u00e9 passionnant sur [\u2026] L\u2019article Traverser pour se retrouver, le Bardo Thodol (Bordeaux, France) est apparu en premier sur Nouvelles des\u2026<\/p><\/div><\/div><\/div><div class=\"srr-item \"><div class=\"srr-item-in srr-clearfix\"><a href=\"https:\/\/news.acropolis.org\/fr\/2026\/les-3-visages-de-la-conscience-conference-de-bertrand-vergely-marseille-france\/\" class=\"srr-thumb srr-thumb-align_left\" style=\"width:200px;height:200px;\"  target=\"_blank\"><img decoding=\"async\" src=\"https:\/\/news.acropolis.org\/wp-content\/uploads\/2026\/02\/OINAF-3-visages-de-la-conscience-B-Vergely-Marszillz-750x563-1-300x225.jpeg\" alt=\"Les 3 visages de la conscience \u2013 Conf\u00e9rence de Bertrand Vergely (Marseille, France)\" align=\"left\" \/><\/a><div class=\"srr-summary srr-clearfix\"><p>Lors de cette conf\u00e9rence, nous avons explor\u00e9 l\u2019extraordinaire r\u00e9alit\u00e9 de la conscience humaine. Trop souvent, nous la tenons pour acquise. Pourtant, elle constitue l\u2019une des exp\u00e9riences les plus profondes, les [\u2026] L\u2019article Les 3 visages de la conscience \u2013 Conf\u00e9rence de Bertrand Vergely (Marseille, France) est apparu en premier sur Nouvelles des\u2026<\/p><\/div><\/div><\/div><div class=\"srr-item srr-stripe\"><div class=\"srr-item-in srr-clearfix\"><a href=\"https:\/\/news.acropolis.org\/fr\/2026\/la-sagesse-des-peuples-les-kogis-gardiens-du-coeur-du-monde-paris-15-france\/\" class=\"srr-thumb srr-thumb-align_left\" style=\"width:200px;height:200px;\"  target=\"_blank\"><img decoding=\"async\" src=\"https:\/\/news.acropolis.org\/wp-content\/uploads\/2026\/01\/OINAF-conf-Kogis-Paris5-dec-2025-300x169.jpg\" alt=\"La Sagesse des peuples \u2013 Les kogis gardiens du coeur du monde (Paris 15, France)\" align=\"left\" \/><\/a><div class=\"srr-summary srr-clearfix\"><p>La salle s\u2019est remplie d\u2019une trentaine de personnes, venues pour entendre Marie-H\u00e9l\u00e8ne Strauss raconter ce que peu ont eu la chance de vivre : une rencontre intime avec les Kogis, [\u2026] L\u2019article La Sagesse des peuples \u2013 Les kogis gardiens du coeur du monde (Paris 15, France) est apparu en premier sur Nouvelles des\u2026<\/p><\/div><\/div><\/div><div class=\"srr-item \"><div class=\"srr-item-in srr-clearfix\"><a href=\"https:\/\/news.acropolis.org\/fr\/2025\/journee-mondiale-du-volontariat-a-la-cour-petral-cour-petral-france\/\" class=\"srr-thumb srr-thumb-align_left\" style=\"width:200px;height:200px;\"  target=\"_blank\"><img decoding=\"async\" src=\"https:\/\/news.acropolis.org\/wp-content\/uploads\/2025\/12\/OINAF-venue-Restos-du-Coeur-Cour-Petral-dec-2025-300x225.jpg\" alt=\"Journ\u00e9e mondiale du volontariat \u00e0 la Cour P\u00e9tral (Cour P\u00e9tral, France)\" align=\"left\" \/><\/a><div class=\"srr-summary srr-clearfix\"><p>Vendredi 5 d\u00e9cembre, la Cour P\u00e9tral a c\u00e9l\u00e9br\u00e9 la Journ\u00e9e Mondiale du Volontariat. Elle a \u00e9t\u00e9 r\u00e9alis\u00e9e en collaboration avec les Restos du C\u0153ur. Cette journ\u00e9e a \u00e9t\u00e9 marqu\u00e9e par [\u2026] L\u2019article Journ\u00e9e mondiale du volontariat \u00e0 la Cour P\u00e9tral (Cour P\u00e9tral, France) est apparu en premier sur Nouvelles des\u2026<\/p><\/div><\/div><\/div><\/div><\/div><\/div><\/div><!-- End - Super RSS Reader -->\t\t\t\t<\/div>\n\t\t\t\t<\/div>\n\t\t\t\t<div class=\"elementor-element elementor-element-db66188 elementor-align-center elementor-widget elementor-widget-button\" data-id=\"db66188\" data-element_type=\"widget\" data-e-type=\"widget\" data-widget_type=\"button.default\">\n\t\t\t\t<div class=\"elementor-widget-container\">\n\t\t\t\t\t\t\t\t\t<div class=\"elementor-button-wrapper\">\n\t\t\t\t\t<a class=\"elementor-button elementor-button-link elementor-size-xl elementor-animation-grow\" href=\"https:\/\/news.acropolis.org\/fr\/\" target=\"_blank\">\n\t\t\t\t\t\t<span class=\"elementor-button-content-wrapper\">\n\t\t\t\t\t\t<span class=\"elementor-button-icon\">\n\t\t\t\t<i aria-hidden=\"true\" class=\"far fa-comment-dots\"><\/i>\t\t\t<\/span>\n\t\t\t\t\t\t\t\t\t<span class=\"elementor-button-text\">En savoir plus sur notre site d'actualit\u00e9s<\/span>\n\t\t\t\t\t<\/span>\n\t\t\t\t\t<\/a>\n\t\t\t\t<\/div>\n\t\t\t\t\t\t\t\t<\/div>\n\t\t\t\t<\/div>\n\t\t\t\t\t<\/div>\n\t\t<\/div>\n\t\t\t\t\t<\/div>\n\t\t<\/section>\n\t\t\t\t<\/div>\n\t\t","protected":false},"excerpt":{"rendered":"<p>Nouvelles En savoir plus sur notre site d&rsquo;actualit\u00e9s<\/p>\n","protected":false},"author":2,"featured_media":0,"parent":0,"menu_order":0,"comment_status":"closed","ping_status":"closed","template":"","meta":{"_monsterinsights_skip_tracking":false,"_monsterinsights_sitenote_active":false,"_monsterinsights_sitenote_note":"","_monsterinsights_sitenote_category":0,"site-sidebar-layout":"no-sidebar","site-content-layout":"page-builder","ast-site-content-layout":"default","site-content-style":"default","site-sidebar-style":"default","ast-global-header-display":"","ast-banner-title-visibility":"","ast-main-header-display":"","ast-hfb-above-header-display":"","ast-hfb-below-header-display":"","ast-hfb-mobile-header-display":"","site-post-title":"disabled","ast-breadcrumbs-content":"","ast-featured-img":"disabled","footer-sml-layout":"","ast-disable-related-posts":"","theme-transparent-header-meta":"","adv-header-id-meta":"","stick-header-meta":"","header-above-stick-meta":"","header-main-stick-meta":"","header-below-stick-meta":"","astra-migrate-meta-layouts":"default","ast-page-background-enabled":"default","ast-page-background-meta":{"desktop":{"background-color":"","background-image":"","background-repeat":"repeat","background-position":"center center","background-size":"auto","background-attachment":"scroll","background-type":"","background-media":"","overlay-type":"","overlay-color":"","overlay-opacity":"","overlay-gradient":""},"tablet":{"background-color":"","background-image":"","background-repeat":"repeat","background-position":"center center","background-size":"auto","background-attachment":"scroll","background-type":"","background-media":"","overlay-type":"","overlay-color":"","overlay-opacity":"","overlay-gradient":""},"mobile":{"background-color":"","background-image":"","background-repeat":"repeat","background-position":"center center","background-size":"auto","background-attachment":"scroll","background-type":"","background-media":"","overlay-type":"","overlay-color":"","overlay-opacity":"","overlay-gradient":""}},"ast-content-background-meta":{"desktop":{"background-color":"var(--ast-global-color-5)","background-image":"","background-repeat":"repeat","background-position":"center center","background-size":"auto","background-attachment":"scroll","background-type":"","background-media":"","overlay-type":"","overlay-color":"","overlay-opacity":"","overlay-gradient":""},"tablet":{"background-color":"var(--ast-global-color-5)","background-image":"","background-repeat":"repeat","background-position":"center center","background-size":"auto","background-attachment":"scroll","background-type":"","background-media":"","overlay-type":"","overlay-color":"","overlay-opacity":"","overlay-gradient":""},"mobile":{"background-color":"var(--ast-global-color-5)","background-image":"","background-repeat":"repeat","background-position":"center center","background-size":"auto","background-attachment":"scroll","background-type":"","background-media":"","overlay-type":"","overlay-color":"","overlay-opacity":"","overlay-gradient":""}},"footnotes":""},"class_list":["post-6441","page","type-page","status-publish","hentry"],"yoast_head":"<!-- This site is optimized with the Yoast SEO plugin v27.3 - https:\/\/yoast.com\/product\/yoast-seo-wordpress\/ -->\n<title>Nouvelles - Nouvelle Acropole<\/title>\n<meta name=\"robots\" content=\"index, follow, max-snippet:-1, max-image-preview:large, max-video-preview:-1\" \/>\n<link rel=\"canonical\" href=\"https:\/\/www.acropolis.org\/es\/noticias\/\" \/>\n<meta property=\"og:locale\" content=\"fr_FR\" \/>\n<meta property=\"og:type\" content=\"article\" \/>\n<meta property=\"og:title\" content=\"Nouvelles - Nouvelle Acropole\" \/>\n<meta property=\"og:description\" content=\"Nouvelles En savoir plus sur notre site d&rsquo;actualit\u00e9s\" \/>\n<meta property=\"og:url\" content=\"https:\/\/www.acropolis.org\/es\/noticias\/\" \/>\n<meta property=\"og:site_name\" content=\"Nouvelle Acropole\" \/>\n<meta property=\"article:modified_time\" content=\"2023-03-24T23:46:33+00:00\" \/>\n<meta name=\"twitter:card\" content=\"summary_large_image\" \/>\n<script type=\"application\/ld+json\" class=\"yoast-schema-graph\">{\"@context\":\"https:\\\/\\\/schema.org\",\"@graph\":[{\"@type\":\"WebPage\",\"@id\":\"https:\\\/\\\/www.acropolis.org\\\/es\\\/noticias\\\/\",\"url\":\"https:\\\/\\\/www.acropolis.org\\\/es\\\/noticias\\\/\",\"name\":\"Nouvelles - Nouvelle Acropole\",\"isPartOf\":{\"@id\":\"https:\\\/\\\/www.acropolis.org\\\/fr\\\/#website\"},\"datePublished\":\"2022-11-12T23:47:37+00:00\",\"dateModified\":\"2023-03-24T23:46:33+00:00\",\"breadcrumb\":{\"@id\":\"https:\\\/\\\/www.acropolis.org\\\/es\\\/noticias\\\/#breadcrumb\"},\"inLanguage\":\"fr-FR\",\"potentialAction\":[{\"@type\":\"ReadAction\",\"target\":[\"https:\\\/\\\/www.acropolis.org\\\/es\\\/noticias\\\/\"]}]},{\"@type\":\"BreadcrumbList\",\"@id\":\"https:\\\/\\\/www.acropolis.org\\\/es\\\/noticias\\\/#breadcrumb\",\"itemListElement\":[{\"@type\":\"ListItem\",\"position\":1,\"name\":\"Home\",\"item\":\"https:\\\/\\\/www.acropolis.org\\\/es\\\/\"},{\"@type\":\"ListItem\",\"position\":2,\"name\":\"Nouvelles\"}]},{\"@type\":\"WebSite\",\"@id\":\"https:\\\/\\\/www.acropolis.org\\\/fr\\\/#website\",\"url\":\"https:\\\/\\\/www.acropolis.org\\\/fr\\\/\",\"name\":\"Nouvelle Acropole\",\"description\":\"Organisation Internationale de Philosophie, de Culture et Volontariat\",\"publisher\":{\"@id\":\"https:\\\/\\\/www.acropolis.org\\\/fr\\\/#organization\"},\"potentialAction\":[{\"@type\":\"SearchAction\",\"target\":{\"@type\":\"EntryPoint\",\"urlTemplate\":\"https:\\\/\\\/www.acropolis.org\\\/fr\\\/?s={search_term_string}\"},\"query-input\":{\"@type\":\"PropertyValueSpecification\",\"valueRequired\":true,\"valueName\":\"search_term_string\"}}],\"inLanguage\":\"fr-FR\"},{\"@type\":\"Organization\",\"@id\":\"https:\\\/\\\/www.acropolis.org\\\/fr\\\/#organization\",\"name\":\"Nouvelle Acropole\",\"url\":\"https:\\\/\\\/www.acropolis.org\\\/fr\\\/\",\"logo\":{\"@type\":\"ImageObject\",\"inLanguage\":\"fr-FR\",\"@id\":\"https:\\\/\\\/www.acropolis.org\\\/fr\\\/#\\\/schema\\\/logo\\\/image\\\/\",\"url\":\"https:\\\/\\\/www.acropolis.org\\\/wp-content\\\/uploads\\\/2025\\\/12\\\/LOGO_NA_fra.png\",\"contentUrl\":\"https:\\\/\\\/www.acropolis.org\\\/wp-content\\\/uploads\\\/2025\\\/12\\\/LOGO_NA_fra.png\",\"width\":400,\"height\":200,\"caption\":\"Nouvelle Acropole\"},\"image\":{\"@id\":\"https:\\\/\\\/www.acropolis.org\\\/fr\\\/#\\\/schema\\\/logo\\\/image\\\/\"}}]}<\/script>\n<!-- \/ Yoast SEO plugin. -->","yoast_head_json":{"title":"Nouvelles - Nouvelle Acropole","robots":{"index":"index","follow":"follow","max-snippet":"max-snippet:-1","max-image-preview":"max-image-preview:large","max-video-preview":"max-video-preview:-1"},"canonical":"https:\/\/www.acropolis.org\/es\/noticias\/","og_locale":"fr_FR","og_type":"article","og_title":"Nouvelles - Nouvelle Acropole","og_description":"Nouvelles En savoir plus sur notre site d&rsquo;actualit\u00e9s","og_url":"https:\/\/www.acropolis.org\/es\/noticias\/","og_site_name":"Nouvelle Acropole","article_modified_time":"2023-03-24T23:46:33+00:00","twitter_card":"summary_large_image","schema":{"@context":"https:\/\/schema.org","@graph":[{"@type":"WebPage","@id":"https:\/\/www.acropolis.org\/es\/noticias\/","url":"https:\/\/www.acropolis.org\/es\/noticias\/","name":"Nouvelles - Nouvelle Acropole","isPartOf":{"@id":"https:\/\/www.acropolis.org\/fr\/#website"},"datePublished":"2022-11-12T23:47:37+00:00","dateModified":"2023-03-24T23:46:33+00:00","breadcrumb":{"@id":"https:\/\/www.acropolis.org\/es\/noticias\/#breadcrumb"},"inLanguage":"fr-FR","potentialAction":[{"@type":"ReadAction","target":["https:\/\/www.acropolis.org\/es\/noticias\/"]}]},{"@type":"BreadcrumbList","@id":"https:\/\/www.acropolis.org\/es\/noticias\/#breadcrumb","itemListElement":[{"@type":"ListItem","position":1,"name":"Home","item":"https:\/\/www.acropolis.org\/es\/"},{"@type":"ListItem","position":2,"name":"Nouvelles"}]},{"@type":"WebSite","@id":"https:\/\/www.acropolis.org\/fr\/#website","url":"https:\/\/www.acropolis.org\/fr\/","name":"Nouvelle Acropole","description":"Organisation Internationale de Philosophie, de Culture et Volontariat","publisher":{"@id":"https:\/\/www.acropolis.org\/fr\/#organization"},"potentialAction":[{"@type":"SearchAction","target":{"@type":"EntryPoint","urlTemplate":"https:\/\/www.acropolis.org\/fr\/?s={search_term_string}"},"query-input":{"@type":"PropertyValueSpecification","valueRequired":true,"valueName":"search_term_string"}}],"inLanguage":"fr-FR"},{"@type":"Organization","@id":"https:\/\/www.acropolis.org\/fr\/#organization","name":"Nouvelle Acropole","url":"https:\/\/www.acropolis.org\/fr\/","logo":{"@type":"ImageObject","inLanguage":"fr-FR","@id":"https:\/\/www.acropolis.org\/fr\/#\/schema\/logo\/image\/","url":"https:\/\/www.acropolis.org\/wp-content\/uploads\/2025\/12\/LOGO_NA_fra.png","contentUrl":"https:\/\/www.acropolis.org\/wp-content\/uploads\/2025\/12\/LOGO_NA_fra.png","width":400,"height":200,"caption":"Nouvelle Acropole"},"image":{"@id":"https:\/\/www.acropolis.org\/fr\/#\/schema\/logo\/image\/"}}]}},"_links":{"self":[{"href":"https:\/\/www.acropolis.org\/fr\/wp-json\/wp\/v2\/pages\/6441","targetHints":{"allow":["GET"]}}],"collection":[{"href":"https:\/\/www.acropolis.org\/fr\/wp-json\/wp\/v2\/pages"}],"about":[{"href":"https:\/\/www.acropolis.org\/fr\/wp-json\/wp\/v2\/types\/page"}],"author":[{"embeddable":true,"href":"https:\/\/www.acropolis.org\/fr\/wp-json\/wp\/v2\/users\/2"}],"replies":[{"embeddable":true,"href":"https:\/\/www.acropolis.org\/fr\/wp-json\/wp\/v2\/comments?post=6441"}],"version-history":[{"count":4,"href":"https:\/\/www.acropolis.org\/fr\/wp-json\/wp\/v2\/pages\/6441\/revisions"}],"predecessor-version":[{"id":6445,"href":"https:\/\/www.acropolis.org\/fr\/wp-json\/wp\/v2\/pages\/6441\/revisions\/6445"}],"wp:attachment":[{"href":"https:\/\/www.acropolis.org\/fr\/wp-json\/wp\/v2\/media?parent=6441"}],"curies":[{"name":"wp","href":"https:\/\/api.w.org\/{rel}","templated":true}]}}